{"id":2921,"date":"2024-08-19T21:41:30","date_gmt":"2024-08-19T21:41:30","guid":{"rendered":"https:\/\/www-flash.uh1.ac.ma\/?page_id=2921"},"modified":"2024-08-19T21:41:30","modified_gmt":"2024-08-19T21:41:30","slug":"departement-langues-et-arts","status":"publish","type":"page","link":"https:\/\/www-flash.uh1.ac.ma\/?page_id=2921","title":{"rendered":"D\u00e9partement : Langues et Arts"},"content":{"rendered":"<p><strong>Cheffe d\u00e9partement: <\/strong>Pre. Salma EL IBRAHIMI<br \/>\n<strong>E-mail: <\/strong><span style=\"color: #0000ff;\">salma.elibrahimi@uhp.ac.ma<\/span><\/p>\n<p><strong>Fili\u00e8res:<\/strong><\/p>\n<p><strong>Accr\u00e9ditations session 2021\/2022<\/strong><br \/>\n<strong>Licence Fondamentale:<\/strong><\/p>\n<p><strong>Accr\u00e9ditations session 2023<\/strong><br \/>\n<strong>Master:<\/strong><\/p>\n<p><strong>Accr\u00e9ditations session 2023<\/strong><br \/>\n<strong>Licence:<\/strong><\/p>\n<p><strong>Ressources humaines<\/strong><\/p>\n","protected":false},"excerpt":{"rendered":"<p>Cheffe d\u00e9partement: Pre. Salma EL IBRAHIMI E-mail: salma.elibrahimi@uhp.ac.ma Fili\u00e8res: Accr\u00e9ditations session 2021\/2022 Licence Fondamentale: Accr\u00e9ditations session 2023 Master: Accr\u00e9ditations session [&hellip;]<\/p>\n","protected":false},"author":1,"featured_media":0,"parent":0,"menu_order":0,"comment_status":"closed","ping_status":"closed","template":"","meta":{"footnotes":""},"class_list":["post-2921","page","type-page","status-publish","hentry"],"_links":{"self":[{"href":"https:\/\/www-flash.uh1.ac.ma\/index.php?rest_route=\/wp\/v2\/pages\/2921","targetHints":{"allow":["GET"]}}],"collection":[{"href":"https:\/\/www-flash.uh1.ac.ma\/index.php?rest_route=\/wp\/v2\/pages"}],"about":[{"href":"https:\/\/www-flash.uh1.ac.ma\/index.php?rest_route=\/wp\/v2\/types\/page"}],"author":[{"embeddable":true,"href":"https:\/\/www-flash.uh1.ac.ma\/index.php?rest_route=\/wp\/v2\/users\/1"}],"replies":[{"embeddable":true,"href":"https:\/\/www-flash.uh1.ac.ma\/index.php?rest_route=%2Fwp%2Fv2%2Fcomments&post=2921"}],"version-history":[{"count":1,"href":"https:\/\/www-flash.uh1.ac.ma\/index.php?rest_route=\/wp\/v2\/pages\/2921\/revisions"}],"predecessor-version":[{"id":2922,"href":"https:\/\/www-flash.uh1.ac.ma\/index.php?rest_route=\/wp\/v2\/pages\/2921\/revisions\/2922"}],"wp:attachment":[{"href":"https:\/\/www-flash.uh1.ac.ma\/index.php?rest_route=%2Fwp%2Fv2%2Fmedia&parent=2921"}],"curies":[{"name":"wp","href":"https:\/\/api.w.org\/{rel}","templated":true}]}}