{"id":2923,"date":"2024-08-19T21:43:05","date_gmt":"2024-08-19T21:43:05","guid":{"rendered":"https:\/\/www-flash.uh1.ac.ma\/?page_id=2923"},"modified":"2024-08-19T21:43:05","modified_gmt":"2024-08-19T21:43:05","slug":"departement-sciences-humaines","status":"publish","type":"page","link":"https:\/\/www-flash.uh1.ac.ma\/?page_id=2923","title":{"rendered":"D\u00e9partement : Sciences Humaines"},"content":{"rendered":"<p><strong>Chef d\u00e9partement: <\/strong>Pr. Jaouad AGUDAL<br \/>\n<strong>E-mail: <\/strong><span style=\"color: #0000ff;\">jaouad.agudal@uhp.ac.ma<\/span><\/p>\n<p><strong>Fili\u00e8res:<\/strong><\/p>\n<p><strong>Accr\u00e9ditations session 2021\/2022<\/strong><br \/>\n<strong>Licence Fondamentale:<\/strong><\/p>\n<p><strong>Accr\u00e9ditations session 2023<\/strong><br \/>\n<strong>Master:<\/strong><\/p>\n<p><strong>Accr\u00e9ditations session 2023<\/strong><br \/>\n<strong>Licence:<\/strong><\/p>\n<p><strong>Ressources humaines<\/strong><\/p>\n","protected":false},"excerpt":{"rendered":"<p>Chef d\u00e9partement: Pr. Jaouad AGUDAL E-mail: jaouad.agudal@uhp.ac.ma Fili\u00e8res: Accr\u00e9ditations session 2021\/2022 Licence Fondamentale: Accr\u00e9ditations session 2023 Master: Accr\u00e9ditations session 2023 [&hellip;]<\/p>\n","protected":false},"author":1,"featured_media":0,"parent":0,"menu_order":0,"comment_status":"closed","ping_status":"closed","template":"","meta":{"footnotes":""},"class_list":["post-2923","page","type-page","status-publish","hentry"],"_links":{"self":[{"href":"https:\/\/www-flash.uh1.ac.ma\/index.php?rest_route=\/wp\/v2\/pages\/2923","targetHints":{"allow":["GET"]}}],"collection":[{"href":"https:\/\/www-flash.uh1.ac.ma\/index.php?rest_route=\/wp\/v2\/pages"}],"about":[{"href":"https:\/\/www-flash.uh1.ac.ma\/index.php?rest_route=\/wp\/v2\/types\/page"}],"author":[{"embeddable":true,"href":"https:\/\/www-flash.uh1.ac.ma\/index.php?rest_route=\/wp\/v2\/users\/1"}],"replies":[{"embeddable":true,"href":"https:\/\/www-flash.uh1.ac.ma\/index.php?rest_route=%2Fwp%2Fv2%2Fcomments&post=2923"}],"version-history":[{"count":1,"href":"https:\/\/www-flash.uh1.ac.ma\/index.php?rest_route=\/wp\/v2\/pages\/2923\/revisions"}],"predecessor-version":[{"id":2924,"href":"https:\/\/www-flash.uh1.ac.ma\/index.php?rest_route=\/wp\/v2\/pages\/2923\/revisions\/2924"}],"wp:attachment":[{"href":"https:\/\/www-flash.uh1.ac.ma\/index.php?rest_route=%2Fwp%2Fv2%2Fmedia&parent=2923"}],"curies":[{"name":"wp","href":"https:\/\/api.w.org\/{rel}","templated":true}]}}