{"id":2928,"date":"2024-08-19T21:57:05","date_gmt":"2024-08-19T21:57:05","guid":{"rendered":"https:\/\/www-flash.uh1.ac.ma\/?page_id=2928"},"modified":"2024-09-08T10:00:06","modified_gmt":"2024-09-08T10:00:06","slug":"presentation-du-centre-dexcellence-alc-school","status":"publish","type":"page","link":"https:\/\/www-flash.uh1.ac.ma\/?page_id=2928","title":{"rendered":"Pr\u00e9sentation du centre d\u2019excellence ALC School"},"content":{"rendered":"<p><strong>Vice Doyen charg\u00e9 du centre d\u2019excellence: <\/strong>Driss OULDELHAJ<\/p>\n<p><strong>E-mail: <\/strong><span style=\"color: #0000ff;\">driss.ouldelhaj@uhp.ac.ma<\/span><\/p>\n<p>&nbsp;<\/p>\n<p><span style=\"color: #ff00ff;\"> Centres d\u2019Excellence dans les Etablissements \u00e0 Acc\u00e8s Ouvert<\/span><br \/>\nDans le cadre de la mise en \u0153uvre du PACTE ESRI 2030, notamment son premier axe strat\u00e9gique \u00ab Excellence acad\u00e9mique et scientifique \u00bb, il est pr\u00e9vu le lancement des centres d\u2019excellence dans les \u00e9tablissements \u00e0 acc\u00e8s ouvert.<br \/>\nCes centres visent l\u2019instauration de passerelles fluides entre disciplines, fili\u00e8res et \u00e9tablissements, avec la mise en place de nouveaux parcours d\u2019excellence \u00e0 partir du Bac+2 dans les \u00e9tablissements \u00e0 acc\u00e8s ouvert, conf\u00e9rant ainsi une occasion pour les \u00e9tudiants pour r\u00e9orienter leur parcours, forger leurs comp\u00e9tences dans des plusieurs domaines et d\u2019am\u00e9liorer les perspectives de leur insertion dans le march\u00e9 de l\u2019emploi.<br \/>\nLa cr\u00e9ation des centres d\u2019excellence dans les \u00e9tablissements \u00e0 acc\u00e8s ouvert a pour objectifs<br \/>\nde :<br \/>\n\u2022 Permettre aux \u00e9tudiants excellents de s\u2019orienter vers des formations cibl\u00e9es, \u00e0<br \/>\nm\u00eame d\u2019am\u00e9liorer les perspectives de leur insertion dans le march\u00e9 de l\u2019emploi<br \/>\n\u2022 Encourager l&#8217;esprit d&#8217;\u00e9mulation chez les \u00e9tudiants inscrits aux \u00e9tablissements \u00e0<br \/>\nacc\u00e8s ouvert<br \/>\n\u2022 Apporter aux \u00e9tudiants des comp\u00e9tences de plus en plus pris\u00e9es par le milieu du<br \/>\ntravail<br \/>\n\u2022 Promouvoir l\u2019excellence et valoriser la qualit\u00e9 de l\u2019offre de formation de ce type<br \/>\nd\u2019\u00e9tablissement<br \/>\n\u2022 Renforcer le partenariat avec les professionnels (proposition, co-constrction des<br \/>\nparcours de formation et encadrement des activit\u00e9s d\u2019enseignement)<br \/>\n\u2022 Renforcer l\u2019attractivit\u00e9 des \u00e9tablissements universitaires \u00e0 acc\u00e8s ouvert<\/p>\n","protected":false},"excerpt":{"rendered":"<p>Vice Doyen charg\u00e9 du centre d\u2019excellence: Driss OULDELHAJ E-mail: driss.ouldelhaj@uhp.ac.ma &nbsp; Centres d\u2019Excellence dans les Etablissements \u00e0 Acc\u00e8s Ouvert Dans [&hellip;]<\/p>\n","protected":false},"author":1,"featured_media":0,"parent":0,"menu_order":0,"comment_status":"closed","ping_status":"closed","template":"","meta":{"footnotes":""},"class_list":["post-2928","page","type-page","status-publish","hentry"],"_links":{"self":[{"href":"https:\/\/www-flash.uh1.ac.ma\/index.php?rest_route=\/wp\/v2\/pages\/2928","targetHints":{"allow":["GET"]}}],"collection":[{"href":"https:\/\/www-flash.uh1.ac.ma\/index.php?rest_route=\/wp\/v2\/pages"}],"about":[{"href":"https:\/\/www-flash.uh1.ac.ma\/index.php?rest_route=\/wp\/v2\/types\/page"}],"author":[{"embeddable":true,"href":"https:\/\/www-flash.uh1.ac.ma\/index.php?rest_route=\/wp\/v2\/users\/1"}],"replies":[{"embeddable":true,"href":"https:\/\/www-flash.uh1.ac.ma\/index.php?rest_route=%2Fwp%2Fv2%2Fcomments&post=2928"}],"version-history":[{"count":3,"href":"https:\/\/www-flash.uh1.ac.ma\/index.php?rest_route=\/wp\/v2\/pages\/2928\/revisions"}],"predecessor-version":[{"id":3005,"href":"https:\/\/www-flash.uh1.ac.ma\/index.php?rest_route=\/wp\/v2\/pages\/2928\/revisions\/3005"}],"wp:attachment":[{"href":"https:\/\/www-flash.uh1.ac.ma\/index.php?rest_route=%2Fwp%2Fv2%2Fmedia&parent=2928"}],"curies":[{"name":"wp","href":"https:\/\/api.w.org\/{rel}","templated":true}]}}