{"id":652,"date":"2021-07-14T20:55:06","date_gmt":"2021-07-14T20:55:06","guid":{"rendered":"https:\/\/196.200.174.197\/?page_id=652"},"modified":"2021-07-15T15:20:37","modified_gmt":"2021-07-15T15:20:37","slug":"a-propos","status":"publish","type":"page","link":"https:\/\/www-flash.uh1.ac.ma\/?page_id=652","title":{"rendered":"\u00c0 propos"},"content":{"rendered":"<blockquote>\n<p style=\"text-align: center;\"><b>\u0645\u0631\u062d\u0628\u0627 \u0628\u0643\u0645 \u0641\u064a \u0643\u0644\u064a\u0629 \u0627\u0644\u0644\u063a\u0627\u062a \u0648\u0627\u0644\u0641\u0646\u0648\u0646 \u0648\u0627\u0644\u0639\u0644\u0648\u0645 \u0627\u0644\u0625\u0646\u0633\u0627\u0646\u064a\u0629 \u0628\u0633\u0637\u0627\u062a<\/b><\/p>\n<p style=\"text-align: right;\">\u00a0 \u0641\u064a \u0633\u064a\u0627\u0642 \u0645\u0648\u0627\u0643\u0628\u062a\u0647\u0627 \u0644\u0644\u062a\u062d\u062f\u064a\u0627\u062a \u0627\u0644\u062a\u064a \u064a\u0641\u0631\u0636\u0647\u0627 \u0627\u0644\u0639\u0627\u0644\u0645 \u0627\u0644\u064a\u0648\u0645\u060c \u062a\u0637\u0645\u062d \u0643\u0644\u064a\u0629 \u0627\u0644\u0644\u063a\u0627\u062a \u0648\u0627\u0644\u0641\u0646\u0648\u0646 \u0648\u0627\u0644\u0639\u0644\u0648\u0645 \u0627\u0644\u0625\u0646\u0633\u0627\u0646\u064a\u0629 \u0627\u0644\u062a\u0627\u0628\u0639\u0629 \u0644\u062c\u0627\u0645\u0639\u0629 \u0627\u0644\u062d\u0633\u0646 \u0627\u0644\u0623\u0648\u0644 \u0628\u0633\u0637\u0627\u062a \u0625\u0644\u0649 \u062a\u0648\u0641\u064a\u0631 \u0641\u0636\u0627\u0621 \u062c\u064a\u062f \u0644\u0644\u062a\u0639\u0644\u0645 \u064a\u0633\u062a\u062c\u064a\u0628 \u0644\u0627\u0646\u062a\u0638\u0627\u0631\u0627\u062a \u0627\u0644\u0637\u0644\u0628\u0629 \u0648\u0627\u0644\u0628\u0627\u062d\u062b\u064a\u0646.<\/p>\n<p style=\"text-align: right;\">\u00a0 \u0648\u0645\u0646 \u0623\u062c\u0644 \u0641\u0647\u0645 \u0623\u0641\u0636\u0644 \u0644\u0644\u0645\u062a\u063a\u064a\u0631\u0627\u062a \u0627\u0644\u0633\u0648\u0633\u064a\u0648-\u0627\u0642\u062a\u0635\u0627\u062f\u064a\u0629 \u0627\u0644\u0631\u0627\u0647\u0646\u0629\u060c \u0648\u0627\u0639\u062a\u0645\u0627\u062f\u0627 \u0639\u0644\u0649 \u0647\u064a\u0623\u0629 \u0643\u0641\u0623\u0629 \u0645\u0646 \u0627\u0644\u0623\u0633\u0627\u062a\u0630\u0629 \u0648\u0627\u0644\u0625\u062f\u0627\u0631\u064a\u064a\u0646\u060c \u062a\u0642\u062a\u0631\u062d \u0643\u0644\u064a\u0629 \u0627\u0644\u0644\u063a\u0627\u062a \u0648\u0627\u0644\u0641\u0646\u0648\u0646 \u0648\u0627\u0644\u0639\u0644\u0648\u0645 \u0627\u0644\u0625\u0646\u0633\u0627\u0646\u064a\u0629 \u0628\u0633\u0637\u0627\u062a \u0639\u0644\u0649 \u0637\u0644\u0628\u062a\u0647\u0627 \u0645\u0633\u0627\u0631\u0627 \u062c\u0627\u0645\u0639\u064a\u0627 \u0645\u062a\u0646\u0648\u0639\u0627 \u0648\u0645\u0644\u0627\u0626\u0645\u0627 \u0644\u0633\u0648\u0642 \u0627\u0644\u0634\u063a\u0644\u060c \u0648\u0645\u0634\u062c\u0639\u0627 \u0639\u0644\u0649 \u0627\u0644\u0628\u062d\u062b \u0627\u0644\u0639\u0644\u0645\u064a \u0627\u0644\u0645\u062a\u0639\u062f\u062f \u0627\u0644\u062a\u062e\u0635\u0635\u0627\u062a.<\/p>\n<hr \/>\n<p style=\"text-align: center;\"><strong>Bienvenue \u00e0 la Facult\u00e9 des Langues, Arts et Sciences Humaines de Settat (FLASH)<\/strong><\/p>\n<p>La Facult\u00e9 des Langues, Arts et Sciences Humaines de Settat \u00e9volue sous la tutelle de l\u2019Universit\u00e9 Hassan I (UH1). Elle a pour ambition de r\u00e9pondre aux d\u00e9fis pos\u00e9s par le monde d\u2019aujourd\u2019hui. Elle se donne pour objectif d\u2019offrir \u00e0 ses \u00e9tudiants un milieu d\u2019apprentissage agr\u00e9able et serein.<\/p>\n<p>Ainsi, pour mieux appr\u00e9hender les r\u00e9alit\u00e9s socio-\u00e9conomiques actuelles, la FLASH, qui repose sur l\u2019engagement d\u2019un corps professoral et administratif dynamique, propose \u00e0 ses \u00e9tudiants un cursus universitaire vari\u00e9 en relation avec l\u2019univers professionnel. En outre, c\u2019est un \u00e9tablissement qui se donne pour objectif de promouvoir la recherche transdisciplinaire.<\/p>\n<p style=\"text-align: left;\">\u200e<\/p>\n<\/blockquote>\n","protected":false},"excerpt":{"rendered":"<p>\u0645\u0631\u062d\u0628\u0627 \u0628\u0643\u0645 \u0641\u064a \u0643\u0644\u064a\u0629 \u0627\u0644\u0644\u063a\u0627\u062a \u0648\u0627\u0644\u0641\u0646\u0648\u0646 \u0648\u0627\u0644\u0639\u0644\u0648\u0645 \u0627\u0644\u0625\u0646\u0633\u0627\u0646\u064a\u0629 \u0628\u0633\u0637\u0627\u062a \u00a0 \u0641\u064a \u0633\u064a\u0627\u0642 \u0645\u0648\u0627\u0643\u0628\u062a\u0647\u0627 \u0644\u0644\u062a\u062d\u062f\u064a\u0627\u062a \u0627\u0644\u062a\u064a \u064a\u0641\u0631\u0636\u0647\u0627 \u0627\u0644\u0639\u0627\u0644\u0645 \u0627\u0644\u064a\u0648\u0645\u060c \u062a\u0637\u0645\u062d \u0643\u0644\u064a\u0629 [&hellip;]<\/p>\n","protected":false},"author":1,"featured_media":0,"parent":0,"menu_order":0,"comment_status":"closed","ping_status":"closed","template":"","meta":{"footnotes":""},"class_list":["post-652","page","type-page","status-publish","hentry"],"_links":{"self":[{"href":"https:\/\/www-flash.uh1.ac.ma\/index.php?rest_route=\/wp\/v2\/pages\/652","targetHints":{"allow":["GET"]}}],"collection":[{"href":"https:\/\/www-flash.uh1.ac.ma\/index.php?rest_route=\/wp\/v2\/pages"}],"about":[{"href":"https:\/\/www-flash.uh1.ac.ma\/index.php?rest_route=\/wp\/v2\/types\/page"}],"author":[{"embeddable":true,"href":"https:\/\/www-flash.uh1.ac.ma\/index.php?rest_route=\/wp\/v2\/users\/1"}],"replies":[{"embeddable":true,"href":"https:\/\/www-flash.uh1.ac.ma\/index.php?rest_route=%2Fwp%2Fv2%2Fcomments&post=652"}],"version-history":[{"count":3,"href":"https:\/\/www-flash.uh1.ac.ma\/index.php?rest_route=\/wp\/v2\/pages\/652\/revisions"}],"predecessor-version":[{"id":780,"href":"https:\/\/www-flash.uh1.ac.ma\/index.php?rest_route=\/wp\/v2\/pages\/652\/revisions\/780"}],"wp:attachment":[{"href":"https:\/\/www-flash.uh1.ac.ma\/index.php?rest_route=%2Fwp%2Fv2%2Fmedia&parent=652"}],"curies":[{"name":"wp","href":"https:\/\/api.w.org\/{rel}","templated":true}]}}